{"id":27981,"date":"2022-01-21T15:27:24","date_gmt":"2022-01-21T07:27:24","guid":{"rendered":"https:\/\/anjun.com.tw\/?page_id=27981"},"modified":"2022-01-21T15:29:25","modified_gmt":"2022-01-21T07:29:25","slug":"xsz-480at%e4%b8%89%e7%9b%ae%e7%94%9f%e7%89%a9%e9%a1%af%e5%be%ae%e9%8f%a1","status":"publish","type":"page","link":"https:\/\/www.anjun.com.tw\/en\/%e9%a1%af%e5%be%ae%e9%8f%a1\/%e7%9d%bf%e9%b4%bbruihoge\/%e7%94%9f%e7%89%a9%e9%a1%af%e5%be%ae%e9%8f%a1\/xsz-480at%e4%b8%89%e7%9b%ae%e7%94%9f%e7%89%a9%e9%a1%af%e5%be%ae%e9%8f%a1\/","title":{"rendered":"XSZ-480AT\u4e09\u76ee\u751f\u7269\u986f\u5fae\u93e1"},"content":{"rendered":"<div data-elementor-type=\"wp-page\" data-elementor-id=\"27981\" class=\"elementor elementor-27981\">\n\t\t\t\t\t\t<section class=\"elementor-section elementor-top-section elementor-element elementor-element-a8d998e elementor-section-boxed elementor-section-height-default elementor-section-height-default\" data-id=\"a8d998e\" data-element_type=\"section\" data-e-type=\"section\">\n\t\t\t\t\t\t<div class=\"elementor-container elementor-column-gap-default\">\n\t\t\t\t\t<div class=\"elementor-column elementor-col-100 elementor-top-column elementor-element elementor-element-2cfc61e\" data-id=\"2cfc61e\" data-element_type=\"column\" data-e-type=\"column\">\n\t\t\t<div class=\"elementor-widget-wrap elementor-element-populated\">\n\t\t\t\t\t\t<div class=\"elementor-element elementor-element-47ed6d8 elementor-widget elementor-widget-text-editor\" data-id=\"47ed6d8\" data-element_type=\"widget\" data-e-type=\"widget\" data-widget_type=\"text-editor.default\">\n\t\t\t\t<div class=\"elementor-widget-container\">\n\t\t\t\t\t\t\t\t\t<p><span style=\"color: #000000;\">\u25cf \u65b0\u4e00\u4ee3\u7121\u9650\u9060\u5be6\u9a57\u5ba4\u751f\u7269\u986f\u5fae\u93e1<\/span><\/p><p><span style=\"color: #000000;\">\u25cf \u4e00\u9ad4\u5316\u6a5f\u67b6,\u96d9\u91cd\u53ef\u8b8a\u5149\u95cc<\/span><\/p><p><span style=\"color: #000000;\">\u25cf \u4eba\u6027\u5316\u8a2d\u8a08,\u4f4e\u4f4d\u8abf\u7bc0\u624b\u8f2a<\/span><\/p><p><span style=\"color: #000000;\">\u25cf 22\u6beb\u7c73\u8996\u5834\u5ee3\u89d2\u5927\u76ee\u93e1<\/span><\/p><p><span style=\"color: #000000;\">\u25cf \u8abf\u7126\u9650\u4f4d\u548c\u9b06\u7dca\u53ef\u8abf<\/span><\/p><p>\u00a0<\/p><p><span style=\"color: #000000;\">\u7269\u76ee\u93e1\u548c\u653e\u5927\u500d\u7387<\/span><\/p><p><span style=\"color: #000000;\">\u653e\u5927\u500d\u7387\uff1a40\u00d7-1000\u00d7<\/span><\/p><p><span style=\"color: #000000;\">\u5ee3\u89d2\u5927\u76ee\u93e1\uff1aWF10\u00d7\/22mm(\u5927\u53e3\u5f91\u03a630mm)<\/span><\/p><p><span style=\"color: #000000;\">\u7121\u9650\u9060\u7269\u93e1\uff1a4\u00d7,10\u00d7,40\u00d7S,100\u00d7S\u6cb9<\/span><\/p><p><span style=\"color: #000000;\">\u7269\u93e1\u8f49\u63db\u5668\uff1a\u5167\u50be\u4e94\u5b54\u6efe\u73e0\u5167\u5b9a\u4f4d<\/span><\/p>\t\t\t\t\t\t\t\t<\/div>\n\t\t\t\t<\/div>\n\t\t\t\t\t<\/div>\n\t\t<\/div>\n\t\t\t\t\t<\/div>\n\t\t<\/section>\n\t\t\t\t<section class=\"elementor-section elementor-top-section elementor-element elementor-element-9647f66 elementor-section-boxed elementor-section-height-default elementor-section-height-default\" data-id=\"9647f66\" data-element_type=\"section\" data-e-type=\"section\">\n\t\t\t\t\t\t<div class=\"elementor-container elementor-column-gap-default\">\n\t\t\t\t\t<div class=\"elementor-column elementor-col-100 elementor-top-column elementor-element elementor-element-1fdcce3\" data-id=\"1fdcce3\" data-element_type=\"column\" data-e-type=\"column\">\n\t\t\t<div class=\"elementor-widget-wrap elementor-element-populated\">\n\t\t\t\t\t\t<div class=\"elementor-element elementor-element-4a7a598 elementor-widget elementor-widget-text-editor\" data-id=\"4a7a598\" data-element_type=\"widget\" data-e-type=\"widget\" data-widget_type=\"text-editor.default\">\n\t\t\t\t<div class=\"elementor-widget-container\">\n\t\t\t\t\t\t\t\t\t<p data-spm-anchor-id=\"a220o.1000855.0.i10.1b5d142deygZ3f\">\u00a0<\/p><table border=\"1\" cellspacing=\"0\"><tbody><tr><td colspan=\"2\" data-spm-anchor-id=\"a220o.1000855.0.i4.1b5d142deygZ3f\"><p align=\"center\"><span style=\"color: #000000;\"><b>\u7cfb\u7edf<\/b><b><\/b><\/span><\/p><\/td><td><p align=\"center\">\u00a0<\/p><\/td><td><p align=\"center\"><span style=\"color: #000000;\"><b>\u6280\u672f\u53c2\u6570<\/b><b><\/b><\/span><\/p><\/td><td><p align=\"center\">\u00a0<\/p><\/td><td><p align=\"center\">\u00a0<\/p><\/td><\/tr><tr><td><p><span style=\"color: #000000;\">\u76ee\u955c\u7b52<\/span><\/p><\/td><td><p><span style=\"color: #000000;\">XSZ-480AT<\/span><\/p><\/td><td data-spm-anchor-id=\"a220o.1000855.0.i5.1b5d142deygZ3f\"><p>\u00a0<\/p><\/td><td><p><span style=\"color: #000000;\">\u4e09\u76ee\u955c\u7b52,\u540c\u6b65\u5f71\u50cf\u8f93\u51fa,\u6807\u51c6\u63a5\u53e3,\u53ef\u63a5\u663e\u5fae\u6444\u5f71<\/span><\/p><\/td><td><p>\u00a0<\/p><\/td><td><p>\u00a0<\/p><\/td><\/tr><tr><td colspan=\"2\"><p><span style=\"color: #000000;\">\u673a\u68b0\u8f7d\u7269\u53f0<\/span><\/p><\/td><td><p>\u00a0<\/p><\/td><td><p><span style=\"color: #000000;\">\u53cc\u5c42180\u00d7150mm,\u4f4e\u4f4d\u540c\u8f74\u79fb\u52a875\u00d750mm,\u6e38\u68070.1mm<\/span><\/p><\/td><td><p>\u00a0<\/p><\/td><td><p>\u00a0<\/p><\/td><\/tr><tr><td colspan=\"2\"><p><span style=\"color: #000000;\">\u8c03\u7126\u673a\u6784<\/span><\/p><\/td><td><p>\u00a0<\/p><\/td><td><p><span style=\"color: #000000;\">\u540c\u8f74\u7c97\u5fae\u52a8,\u5347\u964d30mm,\u5fae\u8c032\u00b5m,\u8c03\u7126\u9650\u4f4d\u548c\u677e\u7d27\u53ef\u8c03<\/span><\/p><\/td><td><p>\u00a0<\/p><\/td><td><p>\u00a0<\/p><\/td><\/tr><tr><td colspan=\"2\"><p><span style=\"color: #000000;\">\u963f\u8d1d\u805a\u5149\u955c<\/span><\/p><\/td><td><p>\u00a0<\/p><\/td><td><p><span style=\"color: #000000;\">N.A.1.25\u53ef\u5347\u964d,\u5e26\u53ef\u53d8\u5149\u9611\u548c\u6ee4\u8272\u7247<\/span><\/p><\/td><td><p>\u00a0<\/p><\/td><td><p>\u00a0<\/p><\/td><\/tr><tr><td colspan=\"2\"><p><span style=\"color: #000000;\">\u96c6\u5149\u955c<\/span><\/p><\/td><td><p>\u00a0<\/p><\/td><td><p><span style=\"color: #000000;\">\u975e\u7403\u9762\u9ad8\u4eae\u96c6\u5149\u955c,\u5e26\u53ef\u53d8\u5149\u9611<\/span><\/p><\/td><td><p>\u00a0<\/p><\/td><td><p>\u00a0<\/p><\/td><\/tr><tr><td colspan=\"2\"><p><span style=\"color: #000000;\">\u7167\u660e\u7cfb\u7edf<\/span><\/p><\/td><td><p>\u00a0<\/p><\/td><td><p><span style=\"color: #000000;\">\u9ad8\u4eae\u5ea6\u67ef\u52d2\u7167\u660e,\u53ef\u8c03\u5149\u5364\u7d20\u706f12V\/20W<\/span><\/p><\/td><td><p>\u00a0<\/p><\/td><td><p>\u00a0<\/p><\/td><\/tr><tr><td colspan=\"2\"><p><span style=\"color: #000000;\">\u8f93\u5165\u529f\u7387<\/span><\/p><\/td><td><p>\u00a0<\/p><\/td><td><p><span style=\"color: #000000;\">AC85-230V\/50-60Hz\/30W(CE\u8ba4\u8bc1)<\/span><\/p><\/td><td><p>\u00a0<\/p><\/td><td><p>\u00a0<\/p><\/td><\/tr><tr><td colspan=\"2\"><p><span style=\"color: #000000;\">\u4eea\u5668\u5305\u88c5<\/span><\/p><\/td><td><p>\u00a0<\/p><\/td><td><p><span style=\"color: #000000;\">\u4f53\u79ef48\u00d736\u00d745\u00b3Cm,\u91cd\u91cf7kg<\/span><\/p><\/td><td><p>\u00a0<\/p><\/td><td><p>\u00a0<\/p><\/td><\/tr><\/tbody><\/table><p>\u00a0<\/p><p><span style=\"color: #000000;\">\u5100\u5668\u6210\u5957\u6027<\/span><\/p><p><span style=\"color: #000000;\">\u2474\u5100\u5668\u4e3b\u6a5f \u00a0\u00a0\u2475\u4e09\u76ee\u93e1\u7b52 \u00a0\u00a0\u2476\u6a19\u6e96\u63a5\u53e3 \u00a0\u00a0\u2477\u96d9\u7247\u6a19\u672c\u593e \u00a0\u00a0\u00a0\u00a0\u2478\u7269\u93e1\u76ee\u93e1 \u00a0\u00a0\u2479\u8f09\u73bb\u7247\u76d2 \u00a0\u00a0\u247a\u84cb\u73bb\u7247 \u00a0\u00a0\u00a0\u00a0\u247b\u6ffe\u8272\u7247\u00a0\u00a0\u00a0\u00a0\u00a0\u247c\u9999\u67cf\u6cb9 \u00a0\u00a0\u00a0\u00a0\u247d\u9632\u5875\u7f69\u84cb \u00a0\u00a0\u00a0\u247e\u5099\u7528\u54c1 \u00a0\u00a0\u00a0\u00a0\u00a0\u00a0\u00a0\u00a0\u247f\u96a8\u6a5f\u6587\u4ef6<\/span><\/p><p>\u00a0<\/p><p><br \/><span style=\"color: #000000;\">\u9078\u914d\u4ef6<\/span><\/p><p><br \/><span style=\"color: #000000;\">A.\u00a0\u7121\u9650\u9060\u7269\u93e1\uff1a20\u00d7,60\u00d7<\/span><\/p><p><span style=\"color: #000000;\">B.\u00a0\u5ee3\u89d2\u5927\u76ee\u93e1\uff1a12.5\u00d7,16\u00d7<\/span><\/p><p><span style=\"color: #000000;\">C.\u00a0\u5206\u5283\u76ee\u93e1\uff1a10\u00d7,\u683c\u503c0.1mm,\u8996\u5ea6\u88dc\u511f<\/span><\/p><p><span style=\"color: #000000;\">D.\u00a0\u6e2c\u5fae\u5c3aC1\uff1a\u683c\u503c0.01mm\/1mm<\/span><\/p><p><span style=\"color: #000000;\">E.\u00a0\u6697\u5834,\u76f8\u896f,\u504f\u5149,\u7192\u5149,\u843d\u5c04\u7167\u660e\u7b49<\/span><\/p><p><span style=\"color: #000000;\">F.\u00a0\u986f\u5fae\u651d\u5f71\u651d\u50cf,\u5716\u50cf\u5206\u6790\u7cfb\u7d71<\/span><\/p><p>\u00a0<\/p><p><img decoding=\"async\" class=\"img-ks-lazyload aligncenter\" src=\"https:\/\/img.alicdn.com\/imgextra\/i1\/1091884621\/O1CN01M0HMKy1k0SvyZ3Tws_!!1091884621.jpg\" align=\"absmiddle\" \/><\/p><p><img decoding=\"async\" class=\"img-ks-lazyload aligncenter\" src=\"https:\/\/img.alicdn.com\/imgextra\/i3\/1091884621\/O1CN01e2luKx1k0SwAeAayJ_!!1091884621.jpg\" align=\"absmiddle\" \/><img decoding=\"async\" class=\"img-ks-lazyload aligncenter\" src=\"https:\/\/img.alicdn.com\/imgextra\/i4\/1091884621\/O1CN01ZDajVB1k0SwDJquIH_!!1091884621.jpg\" align=\"absmiddle\" \/><img decoding=\"async\" class=\"img-ks-lazyload aligncenter\" src=\"https:\/\/img.alicdn.com\/imgextra\/i3\/1091884621\/O1CN01sGJ5SD1k0Sw6bCi2d_!!1091884621.jpg\" align=\"absmiddle\" \/><\/p>\t\t\t\t\t\t\t\t<\/div>\n\t\t\t\t<\/div>\n\t\t\t\t\t<\/div>\n\t\t<\/div>\n\t\t\t\t\t<\/div>\n\t\t<\/section>\n\t\t\t\t<\/div>","protected":false},"excerpt":{"rendered":"<p>\u25cf \u65b0\u4e00\u4ee3\u7121\u9650\u9060\u5be6\u9a57\u5ba4\u751f\u7269\u986f\u5fae\u93e1 \u25cf \u4e00\u9ad4\u5316\u6a5f\u67b6,\u96d9\u91cd\u53ef\u8b8a\u5149\u95cc \u25cf \u4eba\u6027\u5316\u8a2d\u8a08,\u4f4e\u4f4d\u8abf\u7bc0\u624b\u8f2a \u25cf 22\u6beb\u7c73\u8996\u5834&hellip;&nbsp;<a href=\"https:\/\/www.anjun.com.tw\/en\/%e9%a1%af%e5%be%ae%e9%8f%a1\/%e7%9d%bf%e9%b4%bbruihoge\/%e7%94%9f%e7%89%a9%e9%a1%af%e5%be%ae%e9%8f%a1\/xsz-480at%e4%b8%89%e7%9b%ae%e7%94%9f%e7%89%a9%e9%a1%af%e5%be%ae%e9%8f%a1\/\" class=\"\" rel=\"bookmark\">Read More &raquo;<span class=\"screen-reader-text\">XSZ-480AT\u4e09\u76ee\u751f\u7269\u986f\u5fae\u93e1<\/span><\/a><\/p>","protected":false},"author":2,"featured_media":0,"parent":27873,"menu_order":12,"comment_status":"closed","ping_status":"closed","template":"","meta":{"neve_meta_sidebar":"","neve_meta_container":"","neve_meta_enable_content_width":"off","neve_meta_content_width":70,"neve_meta_title_alignment":"","neve_meta_author_avatar":"","neve_post_elements_order":"","neve_meta_disable_header":"","neve_meta_disable_footer":"","neve_meta_disable_title":"","footnotes":""},"class_list":["post-27981","page","type-page","status-publish","hentry"],"yoast_head":"<!-- This site is optimized with the Yoast SEO plugin v27.0 - https:\/\/yoast.com\/product\/yoast-seo-wordpress\/ -->\n<title>XSZ-480AT\u4e09\u76ee\u751f\u7269\u986f\u5fae\u93e1 &#060; \u5b89\u5747\u79d1\u6280\u6709\u9650\u516c\u53f8<\/title>\n<meta name=\"robots\" content=\"index, follow, max-snippet:-1, max-image-preview:large, max-video-preview:-1\" \/>\n<link rel=\"canonical\" href=\"https:\/\/www.anjun.com.tw\/en\/\u986f\u5fae\u93e1\/\u777f\u9d3bruihoge\/\u751f\u7269\u986f\u5fae\u93e1\/xsz-480at\u4e09\u76ee\u751f\u7269\u986f\u5fae\u93e1\/\" \/>\n<meta property=\"og:locale\" content=\"en_US\" \/>\n<meta property=\"og:type\" content=\"article\" \/>\n<meta property=\"og:title\" content=\"XSZ-480AT\u4e09\u76ee\u751f\u7269\u986f\u5fae\u93e1 &#060; \u5b89\u5747\u79d1\u6280\u6709\u9650\u516c\u53f8\" \/>\n<meta property=\"og:description\" content=\"\u25cf \u65b0\u4e00\u4ee3\u7121\u9650\u9060\u5be6\u9a57\u5ba4\u751f\u7269\u986f\u5fae\u93e1 \u25cf \u4e00\u9ad4\u5316\u6a5f\u67b6,\u96d9\u91cd\u53ef\u8b8a\u5149\u95cc \u25cf \u4eba\u6027\u5316\u8a2d\u8a08,\u4f4e\u4f4d\u8abf\u7bc0\u624b\u8f2a \u25cf 22\u6beb\u7c73\u8996\u5834&hellip;&nbsp;Read More &raquo;XSZ-480AT\u4e09\u76ee\u751f\u7269\u986f\u5fae\u93e1\" \/>\n<meta property=\"og:url\" content=\"https:\/\/www.anjun.com.tw\/en\/\u986f\u5fae\u93e1\/\u777f\u9d3bruihoge\/\u751f\u7269\u986f\u5fae\u93e1\/xsz-480at\u4e09\u76ee\u751f\u7269\u986f\u5fae\u93e1\/\" \/>\n<meta property=\"og:site_name\" content=\"\u5b89\u5747\u79d1\u6280\u6709\u9650\u516c\u53f8\" \/>\n<meta property=\"article:modified_time\" content=\"2022-01-21T07:29:25+00:00\" \/>\n<meta property=\"og:image\" content=\"https:\/\/img.alicdn.com\/imgextra\/i1\/1091884621\/O1CN01M0HMKy1k0SvyZ3Tws_!!1091884621.jpg\" \/>\n<meta name=\"twitter:card\" content=\"summary_large_image\" \/>\n<meta name=\"twitter:label1\" content=\"Est. reading time\" \/>\n\t<meta name=\"twitter:data1\" content=\"2 minutes\" \/>\n<script type=\"application\/ld+json\" class=\"yoast-schema-graph\">{\"@context\":\"https:\/\/schema.org\",\"@graph\":[{\"@type\":\"WebPage\",\"@id\":\"https:\/\/www.anjun.com.tw\/%e9%a1%af%e5%be%ae%e9%8f%a1\/%e7%9d%bf%e9%b4%bbruihoge\/%e7%94%9f%e7%89%a9%e9%a1%af%e5%be%ae%e9%8f%a1\/xsz-480at%e4%b8%89%e7%9b%ae%e7%94%9f%e7%89%a9%e9%a1%af%e5%be%ae%e9%8f%a1\/\",\"url\":\"https:\/\/www.anjun.com.tw\/%e9%a1%af%e5%be%ae%e9%8f%a1\/%e7%9d%bf%e9%b4%bbruihoge\/%e7%94%9f%e7%89%a9%e9%a1%af%e5%be%ae%e9%8f%a1\/xsz-480at%e4%b8%89%e7%9b%ae%e7%94%9f%e7%89%a9%e9%a1%af%e5%be%ae%e9%8f%a1\/\",\"name\":\"XSZ-480AT\u4e09\u76ee\u751f\u7269\u986f\u5fae\u93e1 &#060; \u5b89\u5747\u79d1\u6280\u6709\u9650\u516c\u53f8\",\"isPartOf\":{\"@id\":\"https:\/\/www.anjun.com.tw\/#website\"},\"primaryImageOfPage\":{\"@id\":\"https:\/\/www.anjun.com.tw\/%e9%a1%af%e5%be%ae%e9%8f%a1\/%e7%9d%bf%e9%b4%bbruihoge\/%e7%94%9f%e7%89%a9%e9%a1%af%e5%be%ae%e9%8f%a1\/xsz-480at%e4%b8%89%e7%9b%ae%e7%94%9f%e7%89%a9%e9%a1%af%e5%be%ae%e9%8f%a1\/#primaryimage\"},\"image\":{\"@id\":\"https:\/\/www.anjun.com.tw\/%e9%a1%af%e5%be%ae%e9%8f%a1\/%e7%9d%bf%e9%b4%bbruihoge\/%e7%94%9f%e7%89%a9%e9%a1%af%e5%be%ae%e9%8f%a1\/xsz-480at%e4%b8%89%e7%9b%ae%e7%94%9f%e7%89%a9%e9%a1%af%e5%be%ae%e9%8f%a1\/#primaryimage\"},\"thumbnailUrl\":\"https:\/\/img.alicdn.com\/imgextra\/i1\/1091884621\/O1CN01M0HMKy1k0SvyZ3Tws_!!1091884621.jpg\",\"datePublished\":\"2022-01-21T07:27:24+00:00\",\"dateModified\":\"2022-01-21T07:29:25+00:00\",\"breadcrumb\":{\"@id\":\"https:\/\/www.anjun.com.tw\/%e9%a1%af%e5%be%ae%e9%8f%a1\/%e7%9d%bf%e9%b4%bbruihoge\/%e7%94%9f%e7%89%a9%e9%a1%af%e5%be%ae%e9%8f%a1\/xsz-480at%e4%b8%89%e7%9b%ae%e7%94%9f%e7%89%a9%e9%a1%af%e5%be%ae%e9%8f%a1\/#breadcrumb\"},\"inLanguage\":\"en-US\",\"potentialAction\":[{\"@type\":\"ReadAction\",\"target\":[\"https:\/\/www.anjun.com.tw\/%e9%a1%af%e5%be%ae%e9%8f%a1\/%e7%9d%bf%e9%b4%bbruihoge\/%e7%94%9f%e7%89%a9%e9%a1%af%e5%be%ae%e9%8f%a1\/xsz-480at%e4%b8%89%e7%9b%ae%e7%94%9f%e7%89%a9%e9%a1%af%e5%be%ae%e9%8f%a1\/\"]}]},{\"@type\":\"ImageObject\",\"inLanguage\":\"en-US\",\"@id\":\"https:\/\/www.anjun.com.tw\/%e9%a1%af%e5%be%ae%e9%8f%a1\/%e7%9d%bf%e9%b4%bbruihoge\/%e7%94%9f%e7%89%a9%e9%a1%af%e5%be%ae%e9%8f%a1\/xsz-480at%e4%b8%89%e7%9b%ae%e7%94%9f%e7%89%a9%e9%a1%af%e5%be%ae%e9%8f%a1\/#primaryimage\",\"url\":\"https:\/\/img.alicdn.com\/imgextra\/i1\/1091884621\/O1CN01M0HMKy1k0SvyZ3Tws_!!1091884621.jpg\",\"contentUrl\":\"https:\/\/img.alicdn.com\/imgextra\/i1\/1091884621\/O1CN01M0HMKy1k0SvyZ3Tws_!!1091884621.jpg\"},{\"@type\":\"BreadcrumbList\",\"@id\":\"https:\/\/www.anjun.com.tw\/%e9%a1%af%e5%be%ae%e9%8f%a1\/%e7%9d%bf%e9%b4%bbruihoge\/%e7%94%9f%e7%89%a9%e9%a1%af%e5%be%ae%e9%8f%a1\/xsz-480at%e4%b8%89%e7%9b%ae%e7%94%9f%e7%89%a9%e9%a1%af%e5%be%ae%e9%8f%a1\/#breadcrumb\",\"itemListElement\":[{\"@type\":\"ListItem\",\"position\":1,\"name\":\"\u9996\u9801\",\"item\":\"https:\/\/www.anjun.com.tw\/\"},{\"@type\":\"ListItem\",\"position\":2,\"name\":\"\u986f\u5fae\u93e1\",\"item\":\"https:\/\/www.anjun.com.tw\/%e9%a1%af%e5%be%ae%e9%8f%a1\/\"},{\"@type\":\"ListItem\",\"position\":3,\"name\":\"\u777f\u9d3bRuihoge\",\"item\":\"https:\/\/www.anjun.com.tw\/%e9%a1%af%e5%be%ae%e9%8f%a1\/%e7%9d%bf%e9%b4%bbruihoge\/\"},{\"@type\":\"ListItem\",\"position\":4,\"name\":\"\u751f\u7269\u986f\u5fae\u93e1\",\"item\":\"https:\/\/www.anjun.com.tw\/%e9%a1%af%e5%be%ae%e9%8f%a1\/%e7%9d%bf%e9%b4%bbruihoge\/%e7%94%9f%e7%89%a9%e9%a1%af%e5%be%ae%e9%8f%a1\/\"},{\"@type\":\"ListItem\",\"position\":5,\"name\":\"XSZ-480AT\u4e09\u76ee\u751f\u7269\u986f\u5fae\u93e1\"}]},{\"@type\":\"WebSite\",\"@id\":\"https:\/\/www.anjun.com.tw\/#website\",\"url\":\"https:\/\/www.anjun.com.tw\/\",\"name\":\"\u5b89\u5747\u79d1\u6280\u6709\u9650\u516c\u53f8\",\"description\":\"ANJUN TECHNOLOGY CO., LTD.\",\"publisher\":{\"@id\":\"https:\/\/www.anjun.com.tw\/#organization\"},\"potentialAction\":[{\"@type\":\"SearchAction\",\"target\":{\"@type\":\"EntryPoint\",\"urlTemplate\":\"https:\/\/www.anjun.com.tw\/?s={search_term_string}\"},\"query-input\":{\"@type\":\"PropertyValueSpecification\",\"valueRequired\":true,\"valueName\":\"search_term_string\"}}],\"inLanguage\":\"en-US\"},{\"@type\":\"Organization\",\"@id\":\"https:\/\/www.anjun.com.tw\/#organization\",\"name\":\"\u5b89\u5747\u79d1\u6280\u6709\u9650\u516c\u53f8\",\"url\":\"https:\/\/www.anjun.com.tw\/\",\"logo\":{\"@type\":\"ImageObject\",\"inLanguage\":\"en-US\",\"@id\":\"https:\/\/www.anjun.com.tw\/#\/schema\/logo\/image\/\",\"url\":\"https:\/\/www.anjun.com.tw\/wp-content\/uploads\/2021\/08\/\u65b0LOGO123-03-1.png\",\"contentUrl\":\"https:\/\/www.anjun.com.tw\/wp-content\/uploads\/2021\/08\/\u65b0LOGO123-03-1.png\",\"width\":1000,\"height\":485,\"caption\":\"\u5b89\u5747\u79d1\u6280\u6709\u9650\u516c\u53f8\"},\"image\":{\"@id\":\"https:\/\/www.anjun.com.tw\/#\/schema\/logo\/image\/\"}}]}<\/script>\n<!-- \/ Yoast SEO plugin. -->","yoast_head_json":{"title":"XSZ-480AT\u4e09\u76ee\u751f\u7269\u986f\u5fae\u93e1 &#060; \u5b89\u5747\u79d1\u6280\u6709\u9650\u516c\u53f8","robots":{"index":"index","follow":"follow","max-snippet":"max-snippet:-1","max-image-preview":"max-image-preview:large","max-video-preview":"max-video-preview:-1"},"canonical":"https:\/\/www.anjun.com.tw\/en\/\u986f\u5fae\u93e1\/\u777f\u9d3bruihoge\/\u751f\u7269\u986f\u5fae\u93e1\/xsz-480at\u4e09\u76ee\u751f\u7269\u986f\u5fae\u93e1\/","og_locale":"en_US","og_type":"article","og_title":"XSZ-480AT\u4e09\u76ee\u751f\u7269\u986f\u5fae\u93e1 &#060; \u5b89\u5747\u79d1\u6280\u6709\u9650\u516c\u53f8","og_description":"\u25cf \u65b0\u4e00\u4ee3\u7121\u9650\u9060\u5be6\u9a57\u5ba4\u751f\u7269\u986f\u5fae\u93e1 \u25cf \u4e00\u9ad4\u5316\u6a5f\u67b6,\u96d9\u91cd\u53ef\u8b8a\u5149\u95cc \u25cf \u4eba\u6027\u5316\u8a2d\u8a08,\u4f4e\u4f4d\u8abf\u7bc0\u624b\u8f2a \u25cf 22\u6beb\u7c73\u8996\u5834&hellip;&nbsp;Read More &raquo;XSZ-480AT\u4e09\u76ee\u751f\u7269\u986f\u5fae\u93e1","og_url":"https:\/\/www.anjun.com.tw\/en\/\u986f\u5fae\u93e1\/\u777f\u9d3bruihoge\/\u751f\u7269\u986f\u5fae\u93e1\/xsz-480at\u4e09\u76ee\u751f\u7269\u986f\u5fae\u93e1\/","og_site_name":"\u5b89\u5747\u79d1\u6280\u6709\u9650\u516c\u53f8","article_modified_time":"2022-01-21T07:29:25+00:00","og_image":[{"url":"https:\/\/img.alicdn.com\/imgextra\/i1\/1091884621\/O1CN01M0HMKy1k0SvyZ3Tws_!!1091884621.jpg","type":"","width":"","height":""}],"twitter_card":"summary_large_image","twitter_misc":{"Est. reading time":"2 minutes"},"schema":{"@context":"https:\/\/schema.org","@graph":[{"@type":"WebPage","@id":"https:\/\/www.anjun.com.tw\/%e9%a1%af%e5%be%ae%e9%8f%a1\/%e7%9d%bf%e9%b4%bbruihoge\/%e7%94%9f%e7%89%a9%e9%a1%af%e5%be%ae%e9%8f%a1\/xsz-480at%e4%b8%89%e7%9b%ae%e7%94%9f%e7%89%a9%e9%a1%af%e5%be%ae%e9%8f%a1\/","url":"https:\/\/www.anjun.com.tw\/%e9%a1%af%e5%be%ae%e9%8f%a1\/%e7%9d%bf%e9%b4%bbruihoge\/%e7%94%9f%e7%89%a9%e9%a1%af%e5%be%ae%e9%8f%a1\/xsz-480at%e4%b8%89%e7%9b%ae%e7%94%9f%e7%89%a9%e9%a1%af%e5%be%ae%e9%8f%a1\/","name":"XSZ-480AT\u4e09\u76ee\u751f\u7269\u986f\u5fae\u93e1 &#060; \u5b89\u5747\u79d1\u6280\u6709\u9650\u516c\u53f8","isPartOf":{"@id":"https:\/\/www.anjun.com.tw\/#website"},"primaryImageOfPage":{"@id":"https:\/\/www.anjun.com.tw\/%e9%a1%af%e5%be%ae%e9%8f%a1\/%e7%9d%bf%e9%b4%bbruihoge\/%e7%94%9f%e7%89%a9%e9%a1%af%e5%be%ae%e9%8f%a1\/xsz-480at%e4%b8%89%e7%9b%ae%e7%94%9f%e7%89%a9%e9%a1%af%e5%be%ae%e9%8f%a1\/#primaryimage"},"image":{"@id":"https:\/\/www.anjun.com.tw\/%e9%a1%af%e5%be%ae%e9%8f%a1\/%e7%9d%bf%e9%b4%bbruihoge\/%e7%94%9f%e7%89%a9%e9%a1%af%e5%be%ae%e9%8f%a1\/xsz-480at%e4%b8%89%e7%9b%ae%e7%94%9f%e7%89%a9%e9%a1%af%e5%be%ae%e9%8f%a1\/#primaryimage"},"thumbnailUrl":"https:\/\/img.alicdn.com\/imgextra\/i1\/1091884621\/O1CN01M0HMKy1k0SvyZ3Tws_!!1091884621.jpg","datePublished":"2022-01-21T07:27:24+00:00","dateModified":"2022-01-21T07:29:25+00:00","breadcrumb":{"@id":"https:\/\/www.anjun.com.tw\/%e9%a1%af%e5%be%ae%e9%8f%a1\/%e7%9d%bf%e9%b4%bbruihoge\/%e7%94%9f%e7%89%a9%e9%a1%af%e5%be%ae%e9%8f%a1\/xsz-480at%e4%b8%89%e7%9b%ae%e7%94%9f%e7%89%a9%e9%a1%af%e5%be%ae%e9%8f%a1\/#breadcrumb"},"inLanguage":"en-US","potentialAction":[{"@type":"ReadAction","target":["https:\/\/www.anjun.com.tw\/%e9%a1%af%e5%be%ae%e9%8f%a1\/%e7%9d%bf%e9%b4%bbruihoge\/%e7%94%9f%e7%89%a9%e9%a1%af%e5%be%ae%e9%8f%a1\/xsz-480at%e4%b8%89%e7%9b%ae%e7%94%9f%e7%89%a9%e9%a1%af%e5%be%ae%e9%8f%a1\/"]}]},{"@type":"ImageObject","inLanguage":"en-US","@id":"https:\/\/www.anjun.com.tw\/%e9%a1%af%e5%be%ae%e9%8f%a1\/%e7%9d%bf%e9%b4%bbruihoge\/%e7%94%9f%e7%89%a9%e9%a1%af%e5%be%ae%e9%8f%a1\/xsz-480at%e4%b8%89%e7%9b%ae%e7%94%9f%e7%89%a9%e9%a1%af%e5%be%ae%e9%8f%a1\/#primaryimage","url":"https:\/\/img.alicdn.com\/imgextra\/i1\/1091884621\/O1CN01M0HMKy1k0SvyZ3Tws_!!1091884621.jpg","contentUrl":"https:\/\/img.alicdn.com\/imgextra\/i1\/1091884621\/O1CN01M0HMKy1k0SvyZ3Tws_!!1091884621.jpg"},{"@type":"BreadcrumbList","@id":"https:\/\/www.anjun.com.tw\/%e9%a1%af%e5%be%ae%e9%8f%a1\/%e7%9d%bf%e9%b4%bbruihoge\/%e7%94%9f%e7%89%a9%e9%a1%af%e5%be%ae%e9%8f%a1\/xsz-480at%e4%b8%89%e7%9b%ae%e7%94%9f%e7%89%a9%e9%a1%af%e5%be%ae%e9%8f%a1\/#breadcrumb","itemListElement":[{"@type":"ListItem","position":1,"name":"\u9996\u9801","item":"https:\/\/www.anjun.com.tw\/"},{"@type":"ListItem","position":2,"name":"\u986f\u5fae\u93e1","item":"https:\/\/www.anjun.com.tw\/%e9%a1%af%e5%be%ae%e9%8f%a1\/"},{"@type":"ListItem","position":3,"name":"\u777f\u9d3bRuihoge","item":"https:\/\/www.anjun.com.tw\/%e9%a1%af%e5%be%ae%e9%8f%a1\/%e7%9d%bf%e9%b4%bbruihoge\/"},{"@type":"ListItem","position":4,"name":"\u751f\u7269\u986f\u5fae\u93e1","item":"https:\/\/www.anjun.com.tw\/%e9%a1%af%e5%be%ae%e9%8f%a1\/%e7%9d%bf%e9%b4%bbruihoge\/%e7%94%9f%e7%89%a9%e9%a1%af%e5%be%ae%e9%8f%a1\/"},{"@type":"ListItem","position":5,"name":"XSZ-480AT\u4e09\u76ee\u751f\u7269\u986f\u5fae\u93e1"}]},{"@type":"WebSite","@id":"https:\/\/www.anjun.com.tw\/#website","url":"https:\/\/www.anjun.com.tw\/","name":"\u5b89\u5747\u79d1\u6280\u6709\u9650\u516c\u53f8","description":"ANJUN TECHNOLOGY CO., LTD.","publisher":{"@id":"https:\/\/www.anjun.com.tw\/#organization"},"potentialAction":[{"@type":"SearchAction","target":{"@type":"EntryPoint","urlTemplate":"https:\/\/www.anjun.com.tw\/?s={search_term_string}"},"query-input":{"@type":"PropertyValueSpecification","valueRequired":true,"valueName":"search_term_string"}}],"inLanguage":"en-US"},{"@type":"Organization","@id":"https:\/\/www.anjun.com.tw\/#organization","name":"\u5b89\u5747\u79d1\u6280\u6709\u9650\u516c\u53f8","url":"https:\/\/www.anjun.com.tw\/","logo":{"@type":"ImageObject","inLanguage":"en-US","@id":"https:\/\/www.anjun.com.tw\/#\/schema\/logo\/image\/","url":"https:\/\/www.anjun.com.tw\/wp-content\/uploads\/2021\/08\/\u65b0LOGO123-03-1.png","contentUrl":"https:\/\/www.anjun.com.tw\/wp-content\/uploads\/2021\/08\/\u65b0LOGO123-03-1.png","width":1000,"height":485,"caption":"\u5b89\u5747\u79d1\u6280\u6709\u9650\u516c\u53f8"},"image":{"@id":"https:\/\/www.anjun.com.tw\/#\/schema\/logo\/image\/"}}]}},"_links":{"self":[{"href":"https:\/\/www.anjun.com.tw\/en\/wp-json\/wp\/v2\/pages\/27981","targetHints":{"allow":["GET"]}}],"collection":[{"href":"https:\/\/www.anjun.com.tw\/en\/wp-json\/wp\/v2\/pages"}],"about":[{"href":"https:\/\/www.anjun.com.tw\/en\/wp-json\/wp\/v2\/types\/page"}],"author":[{"embeddable":true,"href":"https:\/\/www.anjun.com.tw\/en\/wp-json\/wp\/v2\/users\/2"}],"replies":[{"embeddable":true,"href":"https:\/\/www.anjun.com.tw\/en\/wp-json\/wp\/v2\/comments?post=27981"}],"version-history":[{"count":0,"href":"https:\/\/www.anjun.com.tw\/en\/wp-json\/wp\/v2\/pages\/27981\/revisions"}],"up":[{"embeddable":true,"href":"https:\/\/www.anjun.com.tw\/en\/wp-json\/wp\/v2\/pages\/27873"}],"wp:attachment":[{"href":"https:\/\/www.anjun.com.tw\/en\/wp-json\/wp\/v2\/media?parent=27981"}],"curies":[{"name":"wp","href":"https:\/\/api.w.org\/{rel}","templated":true}]}}